{"id":1494,"date":"2021-11-18T17:11:53","date_gmt":"2021-11-18T16:11:53","guid":{"rendered":"https:\/\/ceixray.com\/servizi\/"},"modified":"2021-11-18T17:11:53","modified_gmt":"2021-11-18T16:11:53","slug":"servizi","status":"publish","type":"page","link":"https:\/\/www.ceixray.com\/it\/servizi\/","title":{"rendered":"Servizi"},"content":{"rendered":"<p>[vc_row css_animation=&#8221;&#8221; row_type=&#8221;row&#8221; use_row_as_full_screen_section=&#8221;no&#8221; type=&#8221;grid&#8221; angled_section=&#8221;no&#8221; text_align=&#8221;left&#8221; background_image_as_pattern=&#8221;without_pattern&#8221; z_index=&#8221;&#8221; css=&#8221;.vc_custom_1612361862418{margin-top: 50px !important;}&#8221;][vc_column][qode_elements_holder number_of_columns=&#8221;two_columns&#8221; columns_proportion=&#8221;33_66&#8243;][qode_elements_holder_item vertical_alignment=&#8221;top&#8221; advanced_animations=&#8221;no&#8221;][vc_separator type=&#8221;small&#8221; position=&#8221;left&#8221; color=&#8221;#b90618&#8243; thickness=&#8221;2&#8243; width=&#8221;70&#8243; up=&#8221;0px&#8221; down=&#8221;20px&#8221;][vc_column_text]<\/p>\n<h1>Qualit\u00e0<\/h1>\n<h5>CERTIFICATA E APPROVATA DA TUTTI I NOSTRI CLIENTI<\/h5>\n<p>[\/vc_column_text][\/qode_elements_holder_item][qode_elements_holder_item vertical_alignment=&#8221;top&#8221; advanced_animations=&#8221;no&#8221; item_padding=&#8221;0px 0px 0px 50px&#8221; item_padding_600_768=&#8221;50px 0px 0px&#8221; item_padding_480_600=&#8221;50px 0px 0px&#8221; item_padding_480=&#8221;50px 0px 0px&#8221;][vc_column_text]<\/p>\n<p style=\"text-align: justify;\">Il primo certificatore della qualit\u00e0 del nostro lavoro \u00e8 il cliente. Riconoscere le sue esigenze, implicite ed esplicite, e raggiungere la sua soddisfazione per noi \u00e8 di primaria importanza. L\u2019intero processo produttivo \u00e8 continuamente sottoposto a rigorosi controlli che conferiscono alla nostra azienda la massima affidabilit\u00e0. Ogni componente deve soddisfare il livello qualitativo imposto dal reparto Ricerca &amp; Sviluppo. Solo dopo il collaudo finale, che simula le reali condizioni di funzionamento del tubo radiogeno, possiamo procedere con la consegna. La progettazione e la realizzazione di tutti i nostri tubi a raggi X sono garantite dalla continua applicazione delle procedure del C.E.I. Sistema Qualit\u00e0, un certificato secondo le norme ISO 9001-2015, ISO 13485-2016 e certificazione CE.      <\/p>\n<p>[\/vc_column_text][\/qode_elements_holder_item][\/qode_elements_holder][\/vc_column][\/vc_row][vc_row css_animation=&#8221;&#8221; row_type=&#8221;row&#8221; use_row_as_full_screen_section=&#8221;no&#8221; type=&#8221;full_width&#8221; angled_section=&#8221;no&#8221; text_align=&#8221;left&#8221; background_image_as_pattern=&#8221;without_pattern&#8221; z_index=&#8221;&#8221; el_class=&#8221;max_1300&#8243; css=&#8221;.vc_custom_1612361873072{margin-top: 100px !important;}&#8221;][vc_column][qode_elements_holder number_of_columns=&#8221;three_columns&#8221; custom_class=&#8221;same_height_box icon_boxes&#8221;][qode_elements_holder_item vertical_alignment=&#8221;middle&#8221; advanced_animations=&#8221;no&#8221; item_padding=&#8221;0px 20px 0px 40px&#8221; item_padding_600_768=&#8221;20px&#8221; item_padding_480_600=&#8221;20px&#8221; item_padding_480=&#8221;20px&#8221;][vc_column_text el_class=&#8221;box_shadow&#8221; css=&#8221;.vc_custom_1637248748099{padding-top: 20px !important;padding-right: 20px !important;padding-bottom: 20px !important;padding-left: 20px !important;background-color: #b90618 !important;}&#8221;]<img loading=\"lazy\" decoding=\"async\" class=\"alignnone wp-image-1051 size-thumbnail\" src=\"https:\/\/ceixray.com\/wp-content\/uploads\/2021\/02\/book-150x150.png\" alt=\"\" width=\"150\" height=\"150\" srcset=\"https:\/\/www.ceixray.com\/wp-content\/uploads\/2021\/02\/book-150x150.png 150w, https:\/\/www.ceixray.com\/wp-content\/uploads\/2021\/02\/book.png 256w\" sizes=\"auto, (max-width: 150px) 100vw, 150px\" \/><\/p>\n<h3><span style=\"color: #ffffff;\">Ampia gamma di modelli dalle performance ottimali<\/span><\/h3>\n<hr style=\"background-color: white;\">\n<p><span style=\"color: #ffffff;\">Tantissimi modelli disponibili per applicazioni medicali ed industriali. Capacit\u00e0 di sviluppare soluzioni personalizzate in poche settimane. <\/span>[\/vc_column_text][\/qode_elements_holder_item][qode_elements_holder_item vertical_alignment=&#8221;middle&#8221; advanced_animations=&#8221;no&#8221; item_padding=&#8221;0px 30px&#8221; item_padding_600_768=&#8221;20px&#8221; item_padding_480_600=&#8221;20px&#8221; item_padding_480=&#8221;20px&#8221;][vc_column_text el_class=&#8221;box_shadow&#8221; css=&#8221;.vc_custom_1637248763058{padding-top: 20px !important;padding-right: 20px !important;padding-bottom: 20px !important;padding-left: 20px !important;}&#8221;]<img loading=\"lazy\" decoding=\"async\" class=\"alignnone wp-image-1052 size-thumbnail\" src=\"https:\/\/ceixray.com\/wp-content\/uploads\/2021\/02\/shipped-150x150.png\" alt=\"\" width=\"150\" height=\"150\" srcset=\"https:\/\/www.ceixray.com\/wp-content\/uploads\/2021\/02\/shipped-150x150.png 150w, https:\/\/www.ceixray.com\/wp-content\/uploads\/2021\/02\/shipped.png 256w\" sizes=\"auto, (max-width: 150px) 100vw, 150px\" \/><\/p>\n<h3>Tempi di consegna rapidi e flessibili<\/h3>\n<hr>\n<p>Grazie all&#8217;alto livello di automazione e pianificazione. Kanban e consignement stock disponibili.[\/vc_column_text][\/qode_elements_holder_item][qode_elements_holder_item vertical_alignment=&#8221;middle&#8221; advanced_animations=&#8221;no&#8221; item_padding=&#8221;0px 40px 0px 20px&#8221; item_padding_600_768=&#8221;20px&#8221; item_padding_480_600=&#8221;20px&#8221; item_padding_480=&#8221;20px&#8221;][vc_column_text el_class=&#8221;box_shadow&#8221; css=&#8221;.vc_custom_1637248776367{padding-top: 20px !important;padding-right: 20px !important;padding-bottom: 20px !important;padding-left: 20px !important;}&#8221;]<img loading=\"lazy\" decoding=\"async\" class=\"alignnone wp-image-702 size-thumbnail\" src=\"https:\/\/ceixray.com\/wp-content\/uploads\/2021\/01\/open-box-150x150.png\" alt=\"\" width=\"150\" height=\"150\" srcset=\"https:\/\/www.ceixray.com\/wp-content\/uploads\/2021\/01\/open-box-150x150.png 150w, https:\/\/www.ceixray.com\/wp-content\/uploads\/2021\/01\/open-box.png 256w\" sizes=\"auto, (max-width: 150px) 100vw, 150px\" \/><\/p>\n<h3>Consegna di piccoli lotti<\/h3>\n<hr>\n<p>Su richiesta sviluppiamo e produciamo anche prodotti dedicati in piccole quantit\u00e0.[\/vc_column_text][\/qode_elements_holder_item][\/qode_elements_holder][\/vc_column][\/vc_row][vc_row css_animation=&#8221;&#8221; row_type=&#8221;row&#8221; use_row_as_full_screen_section=&#8221;no&#8221; type=&#8221;full_width&#8221; angled_section=&#8221;no&#8221; text_align=&#8221;center&#8221; background_image_as_pattern=&#8221;without_pattern&#8221; z_index=&#8221;&#8221;][vc_column]<div class=\"qode_vertical_separator\" style=\"height: 100px;width: 2px;background-color: #b90618;margin: 100px 0px 50px\">\n<\/div>[\/vc_column][\/vc_row][vc_row css_animation=&#8221;&#8221; row_type=&#8221;row&#8221; use_row_as_full_screen_section=&#8221;no&#8221; type=&#8221;grid&#8221; angled_section=&#8221;no&#8221; text_align=&#8221;left&#8221; background_image_as_pattern=&#8221;without_pattern&#8221; z_index=&#8221;&#8221;][vc_column][qode_elements_holder number_of_columns=&#8221;two_columns&#8221;][qode_elements_holder_item vertical_alignment=&#8221;bottom&#8221; advanced_animations=&#8221;no&#8221; item_padding=&#8221;0px 100px 0px 0px&#8221; item_padding_600_768=&#8221;0px&#8221; item_padding_480_600=&#8221;0px&#8221; item_padding_480=&#8221;0px&#8221; item_padding_1024_1280=&#8221;0px 70px 0px 0px&#8221; item_padding_768_1024=&#8221;0px 50px 0px 0px&#8221;][vc_separator type=&#8221;small&#8221; position=&#8221;left&#8221; color=&#8221;#b90618&#8243; thickness=&#8221;2&#8243; width=&#8221;70&#8243; up=&#8221;0px&#8221; down=&#8221;20px&#8221;][vc_column_text]<\/p>\n<h1>Produzione<\/h1>\n<h5>PROGETTIAMO E PRODUCIAMO TUBI A RAGGI X PERFORMANTI AD UN PREZZO COMPETITIVO<\/h5>\n<p>[\/vc_column_text][\/qode_elements_holder_item][qode_elements_holder_item vertical_alignment=&#8221;bottom&#8221; advanced_animations=&#8221;no&#8221; item_padding=&#8221;0px 100px 0px 0px&#8221; item_padding_600_768=&#8221;0px&#8221; item_padding_480_600=&#8221;0px&#8221; item_padding_480=&#8221;0px&#8221; item_padding_1024_1280=&#8221;0px 70px 0px 0px&#8221; item_padding_768_1024=&#8221;0px 50px 0px 0px&#8221;][vc_column_text]<\/p>\n<ol>\n<li>Investimento totale 2.000.000\u20ac negli ultimi 5 anni<\/li>\n<li>Alto livello di automazione<\/li>\n<li>Ottimizzazione costi di produzione e R&amp;S<\/li>\n<\/ol>\n<p>[\/vc_column_text][\/qode_elements_holder_item][\/qode_elements_holder][\/vc_column][\/vc_row][vc_row css_animation=&#8221;&#8221; row_type=&#8221;row&#8221; use_row_as_full_screen_section=&#8221;no&#8221; type=&#8221;grid&#8221; angled_section=&#8221;no&#8221; text_align=&#8221;left&#8221; background_image_as_pattern=&#8221;without_pattern&#8221; z_index=&#8221;&#8221; css=&#8221;.vc_custom_1616145619867{margin-top: 100px !important;padding-bottom: 100px !important;}&#8221; el_class=&#8221;text-image-container&#8221;][vc_column][qode_elements_holder number_of_columns=&#8221;two_columns&#8221;][qode_elements_holder_item vertical_alignment=&#8221;top&#8221; advanced_animations=&#8221;no&#8221; item_padding=&#8221;0px 100px 0px 0px&#8221; item_padding_600_768=&#8221;0px&#8221; item_padding_480_600=&#8221;0px&#8221; item_padding_480=&#8221;0px&#8221; item_padding_1024_1280=&#8221;0px 70px 0px 0px&#8221; item_padding_768_1024=&#8221;0px 50px 0px 0px&#8221;][vc_raw_html]PGRpdiBjbGFzcz0iaW1hZ2Utc2VsZWN0b3IiPgo8ZGl2IGF0dHItaWQ9InNvZmZpYXR1cmEiPgo8aDQ+UmVwYXJ0byBzb2ZmaWF0dXJhIGRlbCB2ZXRybzwvaDQ+CjxwPkdyYW5kZSBtYW51YWxpdMOgIGVkIGVzcGVyaWVuemEgbmVsbGEgc29mZmlhdHVyYSBkZWwgdmV0cm8gc29ubyB1bml0ZSBhZCB1biBhbHRvIGxpdmVsbG8gZGkgYXV0b21hemlvbmUgcGVyIGdhcmFudGlyZSBzZW1wcmUgdW4gcmlzdWx0YXRvIG90dGltYWxlLjwvcD4KPC9kaXY+CjxkaXYgYXR0ci1pZD0iY2hpbWljbyI+CjxoND5SZXBhcnRvIGNoaW1pY288L2g0Pgo8cD5UaGUgdmFjdXVtIGlzLCBhYm92ZSBhbGwgZWxzZSwgYWJvdXQgY2xlYW5saW5lc3MgLSBhdXRvbWF0ZWQgY3ljbGVzIGFuZCBlY28tZWZmaWNpZW5jeSBhcmUgdGhlIHN0YXJ0aW5nIHBvaW50IGZvciBhbiBvcHRpbXVtIHZhY3V1bSBpbiB0aGUgdHViZS4gTGEgbm9zdHJhIGF6aWVuZGEgw6ggY29tcGxldGFtZW50ZSBlY28gZnJpZW5kbHkgZSBub24gcHJvZHVjZSBhbGN1biB0aXBvIGRpIGVtaXNzaW9uZSBhbWJpZW50YWxlLjwvcD4KPC9kaXY+CjxkaXYgYXR0ci1pZD0iY2F0b2RpIj4KPGg0PkFzc2VtYmxhZ2dpbyBjYXRvZGk8L2g0Pgo8cD5MJ2FsdGEgc3BlY2lhbGl6emF6aW9uZSBlIGlsIGJhc3NvIHR1cm5vdmVyIGRlbCBwZXJzb25hbGUsIGdhcmFudGlzY29ubyB1biBtaWNybyBhc3NlbWJsYWdnaW8gc2VtcHJlIHBlcmZldHRvLjwvcD4KPC9kaXY+CjxkaXYgYXR0ci1pZD0iZG9zYWdnaW8iPgo8aDQ+SW1waWFudG8gZGkgYWx0byB2dW90bzwvaDQ+CjxwPkdsaSBpbXBpYW50aSBjb21wbGV0YW1lbnRlIGF1dG9tYXRpenphdGkgc29ubyBpbiBncmFkbyBkaSBsYXZvcmFyZSBzZW56YSBhc3Npc3RlbnphIGRlbCBwZXJzb25hbGUsIGdhcmFudGVuZG8gcHJvY2Vzc2kgZGkgbGF2b3JvIHBpw7kgZWZmaWNpZW50aSBlIGFkIGFsdG8gcmVuZGltZW50by48L3A+CjwvZGl2Pgo8ZGl2IGF0dHItaWQ9InRlc3QiPgo8aDQ+UmVwYXJ0byBzZWFzb25pbmcgZSB0ZXN0PC9oND4KPHA+TGUgbWFjY2hpbmUgY29tcGxldGFtZW50ZSBhdXRvbWF0aXp6YXRlIGUgY29udHJvbGxhdGUgZGFsIGNvbXB1dGVyIGdhcmFudGlzY29ubyB1bmEgc3RhbmRhcmRpenphemlvbmUgZGVpIHJpc3VsdGF0aSBlbGltaW5hbmRvIGxhIHZhcmlhYmlsZSB1bWFuYS48L3A+CjwvZGl2Pgo8L2Rpdj4=[\/vc_raw_html][\/qode_elements_holder_item][qode_elements_holder_item vertical_alignment=&#8221;top&#8221; advanced_animations=&#8221;no&#8221; item_padding_600_768=&#8221;50px 0px 0px&#8221; item_padding_480_600=&#8221;50px 0px 0px&#8221; item_padding_480=&#8221;50px 0px 0px&#8221;][vc_raw_html]PGRpdiBjbGFzcz0iaW1hZ2UtY29udGFpbmVyIj4KPGltZyBpZD0ic29mZmlhdHVyYSIgc3JjPSIvd3AtY29udGVudC91cGxvYWRzLzIwMjEvMDkvSU1HXzczMTItMS5qcGciPgo8aW1nIGlkPSJjaGltaWNvIiBzcmM9Ii93cC1jb250ZW50L3VwbG9hZHMvMjAyMS8wOS9SZXBhcnRvLWNoaW1pY28tMS5qcGciIHN0eWxlPSJkaXNwbGF5OiBub25lIj4KPGltZyBpZD0iY2F0b2RpIiBzcmM9Ii93cC1jb250ZW50L3VwbG9hZHMvMjAyMS8wOS9jLmpwZyIgc3R5bGU9ImRpc3BsYXk6IG5vbmUiPgo8aW1nIGlkPSJkb3NhZ2dpbyIgc3JjPSIvd3AtY29udGVudC91cGxvYWRzLzIwMjEvMDkvSU1HXzczMjYuanBnIiBzdHlsZT0iZGlzcGxheTogbm9uZSI+CjxpbWcgaWQ9InRlc3QiIHNyYz0iL3dwLWNvbnRlbnQvdXBsb2Fkcy8yMDIxLzA5L0lNR183MjY2LmpwZyIgc3R5bGU9ImRpc3BsYXk6IG5vbmUiPgo8L2Rpdj4=[\/vc_raw_html][\/qode_elements_holder_item][\/qode_elements_holder][vc_raw_js]JTNDc2NyaXB0JTNFJTBBalF1ZXJ5JTI4ZG9jdW1lbnQlMjkucmVhZHklMjhmdW5jdGlvbiUyOCUyOSU3QiUwQSUyMCUyMGpRdWVyeSUyOCUyMmRpdi50ZXh0LWltYWdlLWNvbnRhaW5lciUyMGRpdi5pbWFnZS1zZWxlY3RvciUyMCUzRSUyMGRpdiUyMiUyOS5tb3VzZW92ZXIlMjhmdW5jdGlvbiUyOCUyOSU3QiUwQSUyMCUyMCUyMCUyMGpRdWVyeSUyOCUyMmRpdi50ZXh0LWltYWdlLWNvbnRhaW5lciUyMGRpdi5pbWFnZS1jb250YWluZXIlMjBpbWclMjIlMjkuaGlkZSUyOCUyOSUzQiUwQSUyMCUyMCUyMCUyMGpRdWVyeSUyOCUyMiUyMyUyMiUyMCUyQiUyMGpRdWVyeSUyOHRoaXMlMjkuYXR0ciUyOCUyMmF0dHItaWQlMjIlMjklMjkuc2hvdyUyOCUyOSUzQiUwQSUyMCUyMCU3RCUyOSUzQiUwQSUyMCUyMHZhciUyMG9yaWdpbmFsX29mZnNldCUyMCUzRCUyMGpRdWVyeSUyOCUyMmRpdi50ZXh0LWltYWdlLWNvbnRhaW5lciUyMiUyOS5vZmZzZXQlMjglMjkudG9wJTNCJTBBJTIwJTIwalF1ZXJ5JTI4d2luZG93JTI5LnNjcm9sbCUyOGZ1bmN0aW9uJTIwJTI4JTI5JTIwJTdCJTBBJTIwJTIwJTIwJTIwaWYlMjhqUXVlcnklMjh3aW5kb3clMjkuc2Nyb2xsVG9wJTI4JTI5JTIwJTNFJTNEJTIwalF1ZXJ5JTI4JTIyZGl2LnRleHQtaW1hZ2UtY29udGFpbmVyJTIyJTI5Lm9mZnNldCUyOCUyOS50b3AlMjAlMjYlMjYlMjAlMjhqUXVlcnklMjh3aW5kb3clMjkuc2Nyb2xsVG9wJTI4JTI5JTIwJTJCJTIwalF1ZXJ5JTI4d2luZG93JTI5LmhlaWdodCUyOCUyOSUyMC0lMjAyMDAlMjklMjAlM0MlM0QlMjAlMjhqUXVlcnklMjglMjJkaXYudGV4dC1pbWFnZS1jb250YWluZXIlMjIlMjkub2Zmc2V0JTI4JTI5LnRvcCUyMCUyQiUyMGpRdWVyeSUyOCUyMmRpdi50ZXh0LWltYWdlLWNvbnRhaW5lciUyMiUyOS5oZWlnaHQlMjglMjklMjklMjklN0IlMEElMjAlMjAlMjAlMjAlMjAlMjBqUXVlcnklMjglMjJkaXYudGV4dC1pbWFnZS1jb250YWluZXIlMjBkaXYuaW1hZ2UtY29udGFpbmVyJTIyJTI5LnBhcmVudCUyOCUyOS5jc3MlMjglMjJwb3NpdGlvbiUyMiUyQyUyMCUyMnJlbGF0aXZlJTIyJTI5JTNCJTBBJTIwJTIwJTIwJTIwJTIwJTIwalF1ZXJ5JTI4JTIyZGl2LnRleHQtaW1hZ2UtY29udGFpbmVyJTIwZGl2LmltYWdlLWNvbnRhaW5lciUyMiUyOS5jc3MlMjglN0IlMjJwb3NpdGlvbiUyMiUzQSUyMmFic29sdXRlJTIyJTJDJTIwJTIydG9wJTIyJTIwJTNBJTIwJTI4alF1ZXJ5JTI4d2luZG93JTI5LnNjcm9sbFRvcCUyOCUyOS1vcmlnaW5hbF9vZmZzZXQlMkIxMDAlMjklMkIlMjJweCUyMiU3RCUyOSUzQiUwQSUyMCUyMCUyMCUyMCU3RCUwQSUyMCUyMCUyMCUyMGlmJTI4alF1ZXJ5JTI4d2luZG93JTI5LnNjcm9sbFRvcCUyOCUyOSUyMCUzQyUzRCUyMGpRdWVyeSUyOCUyMmRpdi50ZXh0LWltYWdlLWNvbnRhaW5lciUyMiUyOS5vZmZzZXQlMjglMjkudG9wJTI5JTdCJTBBJTIwJTIwJTIwJTIwJTIwJTIwalF1ZXJ5JTI4JTIyZGl2LnRleHQtaW1hZ2UtY29udGFpbmVyJTIwZGl2LmltYWdlLWNvbnRhaW5lciUyMiUyOS5jc3MlMjglMjJ0b3AlMjIlMkMlMjAlMjIwcHglMjIlMjklM0IlMEElMjAlMjAlMjAlMjAlN0QlMEElN0QlMjklM0IlMEElN0QlMjklM0IlMEElM0MlMkZzY3JpcHQlM0U=[\/vc_raw_js][\/vc_column][\/vc_row]<\/p>\n","protected":false},"excerpt":{"rendered":"<p>[vc_row css_animation=&#8221;&#8221; row_type=&#8221;row&#8221; use_row_as_full_screen_section=&#8221;no&#8221; type=&#8221;grid&#8221; angled_section=&#8221;no&#8221; text_align=&#8221;left&#8221; background_image_as_pattern=&#8221;without_pattern&#8221; z_index=&#8221;&#8221; css=&#8221;.vc_custom_1612361862418{margin-top: 50px !important;}&#8221;][vc_column][qode_elements_holder number_of_columns=&#8221;two_columns&#8221; columns_proportion=&#8221;33_66&#8243;][qode_elements_holder_item vertical_alignment=&#8221;top&#8221; advanced_animations=&#8221;no&#8221;][vc_separator type=&#8221;small&#8221; position=&#8221;left&#8221; color=&#8221;#b90618&#8243; thickness=&#8221;2&#8243; width=&#8221;70&#8243; up=&#8221;0px&#8221; down=&#8221;20px&#8221;][vc_column_text] Qualit\u00e0 CERTIFICATA E APPROVATA DA TUTTI I NOSTRI CLIENTI [\/vc_column_text][\/qode_elements_holder_item][qode_elements_holder_item vertical_alignment=&#8221;top&#8221; advanced_animations=&#8221;no&#8221; item_padding=&#8221;0px 0px 0px 50px&#8221; item_padding_600_768=&#8221;50px 0px 0px&#8221; item_padding_480_600=&#8221;50px 0px 0px&#8221;&#8230;<\/p>\n","protected":false},"author":1,"featured_media":0,"parent":0,"menu_order":0,"comment_status":"closed","ping_status":"closed","template":"full_width.php","meta":{"footnotes":""},"class_list":["post-1494","page","type-page","status-publish","hentry"],"yoast_head":"<!-- This site is optimized with the Yoast SEO plugin v25.3.1 - https:\/\/yoast.com\/wordpress\/plugins\/seo\/ -->\n<title>Servizi - CEI<\/title>\n<meta name=\"robots\" content=\"index, follow, max-snippet:-1, max-image-preview:large, max-video-preview:-1\" \/>\n<link rel=\"canonical\" href=\"https:\/\/www.ceixray.com\/it\/servizi\/\" \/>\n<meta property=\"og:locale\" content=\"it_IT\" \/>\n<meta property=\"og:type\" content=\"article\" \/>\n<meta property=\"og:title\" content=\"Servizi - CEI\" \/>\n<meta property=\"og:description\" content=\"[vc_row css_animation=&#8221;&#8221; row_type=&#8221;row&#8221; use_row_as_full_screen_section=&#8221;no&#8221; type=&#8221;grid&#8221; angled_section=&#8221;no&#8221; text_align=&#8221;left&#8221; background_image_as_pattern=&#8221;without_pattern&#8221; z_index=&#8221;&#8221; css=&#8221;.vc_custom_1612361862418{margin-top: 50px !important;}&#8221;][vc_column][qode_elements_holder number_of_columns=&#8221;two_columns&#8221; columns_proportion=&#8221;33_66&#8243;][qode_elements_holder_item vertical_alignment=&#8221;top&#8221; advanced_animations=&#8221;no&#8221;][vc_separator type=&#8221;small&#8221; position=&#8221;left&#8221; color=&#8221;#b90618&#8243; thickness=&#8221;2&#8243; width=&#8221;70&#8243; up=&#8221;0px&#8221; down=&#8221;20px&#8221;][vc_column_text] Qualit\u00e0 CERTIFICATA E APPROVATA DA TUTTI I NOSTRI CLIENTI [\/vc_column_text][\/qode_elements_holder_item][qode_elements_holder_item vertical_alignment=&#8221;top&#8221; advanced_animations=&#8221;no&#8221; item_padding=&#8221;0px 0px 0px 50px&#8221; item_padding_600_768=&#8221;50px 0px 0px&#8221; item_padding_480_600=&#8221;50px 0px 0px&#8221;...\" \/>\n<meta property=\"og:url\" content=\"https:\/\/www.ceixray.com\/it\/servizi\/\" \/>\n<meta property=\"og:site_name\" content=\"CEI\" \/>\n<meta property=\"og:image\" content=\"https:\/\/ceixray.com\/wp-content\/uploads\/2021\/02\/book-150x150.png\" \/>\n<meta name=\"twitter:card\" content=\"summary_large_image\" \/>\n<meta name=\"twitter:label1\" content=\"Tempo di lettura stimato\" \/>\n\t<meta name=\"twitter:data1\" content=\"7 minuti\" \/>\n<script type=\"application\/ld+json\" class=\"yoast-schema-graph\">{\"@context\":\"https:\/\/schema.org\",\"@graph\":[{\"@type\":\"WebPage\",\"@id\":\"https:\/\/www.ceixray.com\/it\/servizi\/\",\"url\":\"https:\/\/www.ceixray.com\/it\/servizi\/\",\"name\":\"Servizi - CEI\",\"isPartOf\":{\"@id\":\"https:\/\/www.ceixray.com\/#website\"},\"primaryImageOfPage\":{\"@id\":\"https:\/\/www.ceixray.com\/it\/servizi\/#primaryimage\"},\"image\":{\"@id\":\"https:\/\/www.ceixray.com\/it\/servizi\/#primaryimage\"},\"thumbnailUrl\":\"https:\/\/ceixray.com\/wp-content\/uploads\/2021\/02\/book-150x150.png\",\"datePublished\":\"2021-11-18T16:11:53+00:00\",\"breadcrumb\":{\"@id\":\"https:\/\/www.ceixray.com\/it\/servizi\/#breadcrumb\"},\"inLanguage\":\"it-IT\",\"potentialAction\":[{\"@type\":\"ReadAction\",\"target\":[\"https:\/\/www.ceixray.com\/it\/servizi\/\"]}]},{\"@type\":\"ImageObject\",\"inLanguage\":\"it-IT\",\"@id\":\"https:\/\/www.ceixray.com\/it\/servizi\/#primaryimage\",\"url\":\"https:\/\/ceixray.com\/wp-content\/uploads\/2021\/02\/book-150x150.png\",\"contentUrl\":\"https:\/\/ceixray.com\/wp-content\/uploads\/2021\/02\/book-150x150.png\"},{\"@type\":\"BreadcrumbList\",\"@id\":\"https:\/\/www.ceixray.com\/it\/servizi\/#breadcrumb\",\"itemListElement\":[{\"@type\":\"ListItem\",\"position\":1,\"name\":\"Home\",\"item\":\"https:\/\/www.ceixray.com\/it\/\"},{\"@type\":\"ListItem\",\"position\":2,\"name\":\"Servizi\"}]},{\"@type\":\"WebSite\",\"@id\":\"https:\/\/www.ceixray.com\/#website\",\"url\":\"https:\/\/www.ceixray.com\/\",\"name\":\"CEI\",\"description\":\"Nothing is Opaque\",\"potentialAction\":[{\"@type\":\"SearchAction\",\"target\":{\"@type\":\"EntryPoint\",\"urlTemplate\":\"https:\/\/www.ceixray.com\/?s={search_term_string}\"},\"query-input\":{\"@type\":\"PropertyValueSpecification\",\"valueRequired\":true,\"valueName\":\"search_term_string\"}}],\"inLanguage\":\"it-IT\"}]}<\/script>\n<!-- \/ Yoast SEO plugin. -->","yoast_head_json":{"title":"Servizi - CEI","robots":{"index":"index","follow":"follow","max-snippet":"max-snippet:-1","max-image-preview":"max-image-preview:large","max-video-preview":"max-video-preview:-1"},"canonical":"https:\/\/www.ceixray.com\/it\/servizi\/","og_locale":"it_IT","og_type":"article","og_title":"Servizi - CEI","og_description":"[vc_row css_animation=&#8221;&#8221; row_type=&#8221;row&#8221; use_row_as_full_screen_section=&#8221;no&#8221; type=&#8221;grid&#8221; angled_section=&#8221;no&#8221; text_align=&#8221;left&#8221; background_image_as_pattern=&#8221;without_pattern&#8221; z_index=&#8221;&#8221; css=&#8221;.vc_custom_1612361862418{margin-top: 50px !important;}&#8221;][vc_column][qode_elements_holder number_of_columns=&#8221;two_columns&#8221; columns_proportion=&#8221;33_66&#8243;][qode_elements_holder_item vertical_alignment=&#8221;top&#8221; advanced_animations=&#8221;no&#8221;][vc_separator type=&#8221;small&#8221; position=&#8221;left&#8221; color=&#8221;#b90618&#8243; thickness=&#8221;2&#8243; width=&#8221;70&#8243; up=&#8221;0px&#8221; down=&#8221;20px&#8221;][vc_column_text] Qualit\u00e0 CERTIFICATA E APPROVATA DA TUTTI I NOSTRI CLIENTI [\/vc_column_text][\/qode_elements_holder_item][qode_elements_holder_item vertical_alignment=&#8221;top&#8221; advanced_animations=&#8221;no&#8221; item_padding=&#8221;0px 0px 0px 50px&#8221; item_padding_600_768=&#8221;50px 0px 0px&#8221; item_padding_480_600=&#8221;50px 0px 0px&#8221;...","og_url":"https:\/\/www.ceixray.com\/it\/servizi\/","og_site_name":"CEI","og_image":[{"url":"https:\/\/ceixray.com\/wp-content\/uploads\/2021\/02\/book-150x150.png","type":"","width":"","height":""}],"twitter_card":"summary_large_image","twitter_misc":{"Tempo di lettura stimato":"7 minuti"},"schema":{"@context":"https:\/\/schema.org","@graph":[{"@type":"WebPage","@id":"https:\/\/www.ceixray.com\/it\/servizi\/","url":"https:\/\/www.ceixray.com\/it\/servizi\/","name":"Servizi - CEI","isPartOf":{"@id":"https:\/\/www.ceixray.com\/#website"},"primaryImageOfPage":{"@id":"https:\/\/www.ceixray.com\/it\/servizi\/#primaryimage"},"image":{"@id":"https:\/\/www.ceixray.com\/it\/servizi\/#primaryimage"},"thumbnailUrl":"https:\/\/ceixray.com\/wp-content\/uploads\/2021\/02\/book-150x150.png","datePublished":"2021-11-18T16:11:53+00:00","breadcrumb":{"@id":"https:\/\/www.ceixray.com\/it\/servizi\/#breadcrumb"},"inLanguage":"it-IT","potentialAction":[{"@type":"ReadAction","target":["https:\/\/www.ceixray.com\/it\/servizi\/"]}]},{"@type":"ImageObject","inLanguage":"it-IT","@id":"https:\/\/www.ceixray.com\/it\/servizi\/#primaryimage","url":"https:\/\/ceixray.com\/wp-content\/uploads\/2021\/02\/book-150x150.png","contentUrl":"https:\/\/ceixray.com\/wp-content\/uploads\/2021\/02\/book-150x150.png"},{"@type":"BreadcrumbList","@id":"https:\/\/www.ceixray.com\/it\/servizi\/#breadcrumb","itemListElement":[{"@type":"ListItem","position":1,"name":"Home","item":"https:\/\/www.ceixray.com\/it\/"},{"@type":"ListItem","position":2,"name":"Servizi"}]},{"@type":"WebSite","@id":"https:\/\/www.ceixray.com\/#website","url":"https:\/\/www.ceixray.com\/","name":"CEI","description":"Nothing is Opaque","potentialAction":[{"@type":"SearchAction","target":{"@type":"EntryPoint","urlTemplate":"https:\/\/www.ceixray.com\/?s={search_term_string}"},"query-input":{"@type":"PropertyValueSpecification","valueRequired":true,"valueName":"search_term_string"}}],"inLanguage":"it-IT"}]}},"_links":{"self":[{"href":"https:\/\/www.ceixray.com\/it\/wp-json\/wp\/v2\/pages\/1494","targetHints":{"allow":["GET"]}}],"collection":[{"href":"https:\/\/www.ceixray.com\/it\/wp-json\/wp\/v2\/pages"}],"about":[{"href":"https:\/\/www.ceixray.com\/it\/wp-json\/wp\/v2\/types\/page"}],"author":[{"embeddable":true,"href":"https:\/\/www.ceixray.com\/it\/wp-json\/wp\/v2\/users\/1"}],"replies":[{"embeddable":true,"href":"https:\/\/www.ceixray.com\/it\/wp-json\/wp\/v2\/comments?post=1494"}],"version-history":[{"count":0,"href":"https:\/\/www.ceixray.com\/it\/wp-json\/wp\/v2\/pages\/1494\/revisions"}],"wp:attachment":[{"href":"https:\/\/www.ceixray.com\/it\/wp-json\/wp\/v2\/media?parent=1494"}],"curies":[{"name":"wp","href":"https:\/\/api.w.org\/{rel}","templated":true}]}}